{"id":1992,"date":"2020-01-06T20:09:41","date_gmt":"2020-01-06T19:09:41","guid":{"rendered":"http:\/\/www.homoeopathie.heidenheim.com\/?page_id=1992"},"modified":"2025-06-03T16:27:17","modified_gmt":"2025-06-03T14:27:17","slug":"impressum","status":"publish","type":"page","link":"https:\/\/www.homoeopathie.heidenheim.com\/?page_id=1992","title":{"rendered":"Impressum"},"content":{"rendered":"\n<h2><strong>Angaben gem\u00e4\u00df \u00a7 5 TMG<\/strong><\/h2>\n\n\n\n<p>Verein f\u00fcr Hom\u00f6opathie und Lebenspflege e.V. Heidenheim<br>Eugen-Bolz-Weg 7<br>89522 Heidenheim<\/p>\n\n\n\n<p>Vereinsregister: VR 660065<br>Registergericht: Amtsgericht Ulm<\/p>\n\n\n\n<p><strong>Vertreten durch:<\/strong><\/p>\n\n\n\n<ol><li>Vorsitzender<br>Georg Grandy<br>Eugen-Bolz-Weg 7<br>89522 Heidenheim<br>Tel. +49 (0) 7321 951300<br>E-Mail: info@homoeopathie.heidenheim.com<br><br><\/li><li>Vorsitzender<br>Herbert Dumke<br>Alemannenstra\u00dfe 69<br>89522 Heidenheim<br>Tel. +49 (0) 7321 21215<br>E-Mail: hjkdumke@hotmail.de<\/li><\/ol>\n\n\n\n<h2>Verantwortlich f\u00fcr den Inhalt nach \u00a7 55 Abs. 2 RStV<\/h2>\n\n\n\n<p>Georg Grandy<br>Eugen-Bolz-Weg 7<br>89522 Heidenheim<br>Wir sind nicht bereit oder verpflichtet, an Streitbeilegungsverfahren vor einer<br>Verbraucherschlichtungsstelle teilzunehmen.<\/p>\n\n\n\n<h2>Haftung f\u00fcr Inhalte<\/h2>\n\n\n\n<p>Als Diensteanbieter sind wir gem\u00e4\u00df \u00a7 7 Abs.1 TMG f\u00fcr eigene Inhalte auf diesen Seiten nach den allgemeinen Gesetzen verantwortlich. Nach \u00a7\u00a7 8 bis 10 TMG sind wir als Diensteanbieter jedoch nicht verpflichtet, \u00fcbermittelte oder gespeicherte fremde Informationen zu \u00fcberwachen oder nach Umst\u00e4nden zu forschen, die auf eine rechtswidrige T\u00e4tigkeit hinweisen.<br>Verpflichtungen zur Entfernung oder Sperrung der Nutzung von Informationen nach den allgemeinen Gesetzen bleiben hiervon unber\u00fchrt. Eine diesbez\u00fcgliche Haftung ist jedoch erst ab dem Zeitpunkt der Kenntnis einer konkreten Rechtsverletzung m\u00f6glich. Bei Bekanntwerden von entsprechenden Rechtsverletzungen werden wir diese Inhalte umgehend entfernen.<\/p>\n\n\n\n<h2>Haftung f\u00fcr Links<\/h2>\n\n\n\n<p>Unser Angebot enth\u00e4lt Links zu externen Websites Dritter, auf deren Inhalte wir keinen Einfluss haben. Deshalb k\u00f6nnen wir f\u00fcr diese fremden Inhalte auch keine Gew\u00e4hr \u00fcbernehmen. F\u00fcr die Inhalte der verlinkten Seiten ist stets der jeweilige Anbieter oder Betreiber der Seiten verantwortlich. Die verlinkten Seiten wurden zum Zeitpunkt der Verlinkung auf m\u00f6gliche Rechtsverst\u00f6\u00dfe \u00fcberpr\u00fcft. Rechtswidrige Inhalte waren zum Zeitpunkt der Verlinkung nicht erkennbar. Eine permanente inhaltliche Kontrolle der verlinkten Seiten ist jedoch ohne konkrete Anhaltspunkte einer Rechtsverletzung nicht zumutbar. Bei Bekanntwerden von Rechtsverletzungen werden wir derartige Links  umgehend entfernen.<\/p>\n\n\n\n<h2>Urheberrecht<\/h2>\n\n\n\n<p>Die durch die Seitenbetreiber erstellten Inhalte und Werke auf diesen Seiten unterliegen dem deutschen Urheberrecht. Die Vervielf\u00e4ltigung, Bearbeitung, Verbreitung und jede Art der Verwertung au\u00dferhalb der Grenzen des Urheberrechtes bed\u00fcrfen der schriftlichen Zustimmung des jeweiligen Autors bzw. Erstellers. Downloads und Kopien dieser Seite sind nur f\u00fcr den privaten, nicht kommerziellen Gebrauch gestattet.<\/p>\n\n\n\n<p>Quelle:<br>https:\/\/www.e-recht24.de<\/p>\n\n\n\n<p class=\"has-small-font-size\">Letzte Aktualisierung dieser Seite: 03.06.2025<\/p>\n","protected":false},"excerpt":{"rendered":"<p>Angaben gem\u00e4\u00df \u00a7 5 TMG Verein f\u00fcr Hom\u00f6opathie und Lebenspflege e.V. HeidenheimEugen-Bolz-Weg 789522 Heidenheim Vereinsregister: VR 660065Registergericht: Amtsgericht Ulm Vertreten durch: VorsitzenderGeorg GrandyEugen-Bolz-Weg 789522 HeidenheimTel. +49 (0) 7321 951300E-Mail: info@homoeopathie.heidenheim.com VorsitzenderHerbert DumkeAlemannenstra\u00dfe 6989522 HeidenheimTel. +49 (0) 7321 21215E-Mail: hjkdumke@hotmail.de Verantwortlich &hellip; <a href=\"https:\/\/www.homoeopathie.heidenheim.com\/?page_id=1992\">Weiterlesen <span class=\"meta-nav\">&rarr;<\/span><\/a><\/p>\n","protected":false},"author":1,"featured_media":0,"parent":0,"menu_order":7,"comment_status":"closed","ping_status":"closed","template":"","meta":{"spay_email":""},"jetpack_sharing_enabled":false,"jetpack_shortlink":"https:\/\/wp.me\/P4F1jC-w8","_links":{"self":[{"href":"https:\/\/www.homoeopathie.heidenheim.com\/index.php?rest_route=\/wp\/v2\/pages\/1992"}],"collection":[{"href":"https:\/\/www.homoeopathie.heidenheim.com\/index.php?rest_route=\/wp\/v2\/pages"}],"about":[{"href":"https:\/\/www.homoeopathie.heidenheim.com\/index.php?rest_route=\/wp\/v2\/types\/page"}],"author":[{"embeddable":true,"href":"https:\/\/www.homoeopathie.heidenheim.com\/index.php?rest_route=\/wp\/v2\/users\/1"}],"replies":[{"embeddable":true,"href":"https:\/\/www.homoeopathie.heidenheim.com\/index.php?rest_route=%2Fwp%2Fv2%2Fcomments&post=1992"}],"version-history":[{"count":8,"href":"https:\/\/www.homoeopathie.heidenheim.com\/index.php?rest_route=\/wp\/v2\/pages\/1992\/revisions"}],"predecessor-version":[{"id":2668,"href":"https:\/\/www.homoeopathie.heidenheim.com\/index.php?rest_route=\/wp\/v2\/pages\/1992\/revisions\/2668"}],"wp:attachment":[{"href":"https:\/\/www.homoeopathie.heidenheim.com\/index.php?rest_route=%2Fwp%2Fv2%2Fmedia&parent=1992"}],"curies":[{"name":"wp","href":"https:\/\/api.w.org\/{rel}","templated":true}]}}