{"id":25,"date":"2013-11-18T19:12:40","date_gmt":"2013-11-18T18:12:40","guid":{"rendered":"http:\/\/v80450.san.local-host.de\/?page_id=25"},"modified":"2026-04-03T21:59:06","modified_gmt":"2026-04-03T19:59:06","slug":"aktuelles","status":"publish","type":"page","link":"https:\/\/www.homoeopathie.heidenheim.com\/?page_id=25","title":{"rendered":"Veranstaltungen"},"content":{"rendered":"\n<div class=\"wp-block-image\"><figure class=\"alignleft\"><a href=\"http:\/\/www.homoeopathie.heidenheim.com\/wp-content\/uploads\/2013\/11\/IMG_0425_mod.jpg\"><img loading=\"lazy\" width=\"960\" height=\"150\" src=\"http:\/\/www.homoeopathie.heidenheim.com\/wp-content\/uploads\/2013\/11\/IMG_0425_mod.jpg\" alt=\"IMG_0425_mod\" class=\"wp-image-170\" srcset=\"https:\/\/www.homoeopathie.heidenheim.com\/wp-content\/uploads\/2013\/11\/IMG_0425_mod.jpg 960w, https:\/\/www.homoeopathie.heidenheim.com\/wp-content\/uploads\/2013\/11\/IMG_0425_mod-300x46.jpg 300w, https:\/\/www.homoeopathie.heidenheim.com\/wp-content\/uploads\/2013\/11\/IMG_0425_mod-500x78.jpg 500w\" sizes=\"(max-width: 960px) 100vw, 960px\" \/><\/a><\/figure><\/div>\n\n\n\n<p>&nbsp;<span style=\"color: #ff6600;\"><em>Calendula officinalis (Ringelblume)<\/em><\/span><\/p>\n\n\n\n<p class=\"has-text-color has-medium-font-size\" style=\"color:#980000\"><strong>Montag, 20.04.2026, 19:00 Uhr<\/strong><\/p>\n\n\n\n<p class=\"has-medium-font-size\"><strong>Vortrag: &#8222;Arnika &#8211; nicht nur ein Verletzungsmittel<\/strong>&#8222;<br><em>Frau Margret T\u00e4ubel, Heilpraktikerin, Schnaitheim<\/em><\/p>\n\n\n\n<p class=\"has-medium-font-size\">Arnika ist wohl die am besten bekannte Heilpflanze. Fast jeder wei\u00df um ihre Wirksamkeit bei Verletzungen. Sie kann aber auch, zumindest in der Hom\u00f6opathie, noch bei vielen anderen Krankheitsprozessen verwendet werden, wie z.B. Keuchhusten, Grippe, Herzbeschwerden und Gehirnschlag. Die Referentin wird \u00fcber die verschiedenen Einsatzm\u00f6glichkeiten informieren und das Geschilderte durch Fallbeispiele abrunden.<\/p>\n\n\n\n<p class=\"has-medium-font-size\">Veranstaltungsort: Gemeindezentrum Christk\u00f6nig, Zoeppritzstr. 18, HDH-Mergelstetten<\/p>\n\n\n\n<hr class=\"wp-block-separator has-text-color has-background is-style-wide\" style=\"background-color:#980000;color:#980000\"\/>\n\n\n\n<p class=\"has-text-align-center has-text-color has-medium-font-size\" style=\"color:#ae0505\"><strong>Jahresprogramm 2026 der hom\u00f6opathischen Vereine im Kreis Heidenheim<\/strong><\/p>\n\n\n\n<figure class=\"wp-block-image size-large\"><a href=\"http:\/\/www.homoeopathie.heidenheim.com\/wp-content\/uploads\/2026\/01\/Programm-2026.pdf\" target=\"_blank\" rel=\"noopener\"><img loading=\"lazy\" width=\"482\" height=\"1024\" src=\"http:\/\/www.homoeopathie.heidenheim.com\/wp-content\/uploads\/2026\/01\/Deckblatt-2026-482x1024.jpg\" alt=\"\" class=\"wp-image-2828\" srcset=\"https:\/\/www.homoeopathie.heidenheim.com\/wp-content\/uploads\/2026\/01\/Deckblatt-2026-482x1024.jpg 482w, https:\/\/www.homoeopathie.heidenheim.com\/wp-content\/uploads\/2026\/01\/Deckblatt-2026-141x300.jpg 141w, https:\/\/www.homoeopathie.heidenheim.com\/wp-content\/uploads\/2026\/01\/Deckblatt-2026-768x1632.jpg 768w, https:\/\/www.homoeopathie.heidenheim.com\/wp-content\/uploads\/2026\/01\/Deckblatt-2026-723x1536.jpg 723w, https:\/\/www.homoeopathie.heidenheim.com\/wp-content\/uploads\/2026\/01\/Deckblatt-2026-964x2048.jpg 964w, https:\/\/www.homoeopathie.heidenheim.com\/wp-content\/uploads\/2026\/01\/Deckblatt-2026.jpg 1160w\" sizes=\"(max-width: 482px) 100vw, 482px\" \/><\/a><\/figure>\n\n\n\n<hr class=\"wp-block-separator has-text-color has-background has-black-background-color has-black-color\"\/>\n\n\n\n<figure class=\"wp-block-image\"><img loading=\"lazy\" width=\"419\" height=\"624\" src=\"http:\/\/www.homoeopathie.heidenheim.com\/wp-content\/uploads\/2021\/10\/Kinder-2021-10-27.jpg\" alt=\"\" class=\"wp-image-2154\" srcset=\"https:\/\/www.homoeopathie.heidenheim.com\/wp-content\/uploads\/2021\/10\/Kinder-2021-10-27.jpg 419w, https:\/\/www.homoeopathie.heidenheim.com\/wp-content\/uploads\/2021\/10\/Kinder-2021-10-27-201x300.jpg 201w\" sizes=\"(max-width: 419px) 100vw, 419px\" \/><figcaption>Eine neu ver\u00f6ffentlichte Studie untersucht die Nachfrage nach komplement\u00e4r- und integrativmedizinischen Methoden bei Eltern von Kindern in der klinischen Grundversorgung.<br>Die Studie ergab, dass 40 % der Eltern die Hom\u00f6opathie bereits zu Hause bei ihren Kindern anwenden, und viele w\u00fcnschen sich, dass sie in die klinische Grundversorgung integriert wird.<br>Die Hom\u00f6opathie ist die beliebteste Therapie der integrativen Medizin, die von Eltern f\u00fcr ihre Kinder eingesetzt wird.<br>Von den 40 % der Eltern, die bereits komplement\u00e4rmedizinische Verfahren f\u00fcr ihre Kinder zu Hause anwenden, war die am h\u00e4ufigsten genannte Therapie die Hom\u00f6opathie (fast 60 %), gefolgt von Osteopathie und Phytotherapie.<br>Die Mehrheit der Eltern (\u00fcber 80 %) gab an, dass sie gerne ein erweitertes Angebot an integrativer Medizin in den Krankenh\u00e4usern der Studie in Anspruch nehmen w\u00fcrden.<br>Die Hom\u00f6opathie war die von den Eltern am meisten gew\u00fcnschte Methode, gefolgt von Osteopathie, Phytotherapie und Massagetherapien.<br>88% der Eltern gaben an, dass sie bereit w\u00e4ren, die zus\u00e4tzlichen Kosten privat zu bezahlen, wenn die jeweilige Therapie nicht von ihrer Versicherung \u00fcbernommen wird.<br>An der Umfrage, die in der Kinderklinik des Elisabeth-Krankenhauses Essen und des Kinderkrankenhauses St. Marien in Landshut durchgef\u00fchrt wurde, nahmen 1323 Eltern teil.<br>Befragt wurden sowohl die Eltern von ambulanten als auch von station\u00e4ren Patienten.<br>Andere Studien zeigen, dass mehr als die H\u00e4lfte der deutschen Kinder, sowohl Gesunde als auch chronisch Kranke, mit komplement\u00e4rer und integrativer Medizin behandelt werden, insbesondere mit Hom\u00f6opathie, Phytotherapie, Anthroposophische Medizin, Vitamine und Akupunktur.<br>Die Studie kommt zu dem Schluss, dass es einen dringenden Bedarf an gut ausgebildeten Fachkr\u00e4ften gibt, die \u00fcber ein evidenzbasiertes Wissen und \u00fcber die Chancen und Risiken der komplement\u00e4ren und integrativen Medizin verf\u00fcgen, um diese Institutionalisierung dieser Therapien voranzutreiben.<br>&nbsp;<br><em>Weiterf\u00fchrende Informationen<\/em><br><em>Umfrage zur integrativen P\u00e4diatrie: Eltern berichten von hoher Nachfrage und Selbstzahlerbereitschaft f\u00fcr komplement\u00e4re und integrative Medizin in deutschen Krankenh\u00e4usern,<\/em><br><em>Anheyer et al, Komplement\u00e4rmedizinische Therapien in der Medizin, Band 60, August 2021, 102757,&nbsp;<a href=\"https:\/\/emea01.safelinks.protection.outlook.com\/?url=https%3A%2F%2Fdoi.org%2F10.1016%2Fj.ctim.2021.102757&amp;data=04%7C01%7C%7C77ce9155a54e4f019d0608d9909c2e1c%7C84df9e7fe9f640afb435aaaaaaaaaaaa%7C1%7C0%7C637699822732268823%7CUnknown%7CTWFpbGZsb3d8eyJWIjoiMC4wLjAwMDAiLCJQIjoiV2luMzIiLCJBTiI6Ik1haWwiLCJXVCI6Mn0%3D%7C1000&amp;sdata=zxZ%2Fnm03zad48deKANmPN%2FgsTxvaWV2Zu8fYWTv%2Fd9M%3D&amp;reserved=0\" target=\"_blank\" rel=\"noreferrer noopener\" aria-label=\"https:\/\/doi.org\/10.1016\/j.ctim.2021.102757  (\u00f6ffnet in neuem Tab)\">https:\/\/doi.org\/10.1016\/j.ctim.2021.102757<\/a><\/em><a href=\"https:\/\/emea01.safelinks.protection.outlook.com\/?url=https%3A%2F%2Fdoi.org%2F10.1016%2Fj.ctim.2021.102757&amp;data=04%7C01%7C%7C77ce9155a54e4f019d0608d9909c2e1c%7C84df9e7fe9f640afb435aaaaaaaaaaaa%7C1%7C0%7C637699822732268823%7CUnknown%7CTWFpbGZsb3d8eyJWIjoiMC4wLjAwMDAiLCJQIjoiV2luMzIiLCJBTiI6Ik1haWwiLCJXVCI6Mn0%3D%7C1000&amp;sdata=zxZ%2Fnm03zad48deKANmPN%2FgsTxvaWV2Zu8fYWTv%2Fd9M%3D&amp;reserved=0\" target=\"_blank\" rel=\"noreferrer noopener\" aria-label=\"https:\/\/doi.org\/10.1016\/j.ctim.2021.102757  (\u00f6ffnet in neuem Tab)\"> <\/a><\/figcaption><\/figure>\n\n\n\n<hr class=\"wp-block-separator is-style-wide\"\/>\n\n\n\n<h3>Letzte Aktualisierung dieser Seite: 06.01.2026<\/h3>\n\n\n\n<p><\/p>\n","protected":false},"excerpt":{"rendered":"<p>&nbsp;Calendula officinalis (Ringelblume) Montag, 20.04.2026, 19:00 Uhr Vortrag: &#8222;Arnika &#8211; nicht nur ein Verletzungsmittel&#8222;Frau Margret T\u00e4ubel, Heilpraktikerin, Schnaitheim Arnika ist wohl die am besten bekannte Heilpflanze. Fast jeder wei\u00df um ihre Wirksamkeit bei Verletzungen. Sie kann aber auch, zumindest in &hellip; <a href=\"https:\/\/www.homoeopathie.heidenheim.com\/?page_id=25\">Weiterlesen <span class=\"meta-nav\">&rarr;<\/span><\/a><\/p>\n","protected":false},"author":1,"featured_media":0,"parent":0,"menu_order":3,"comment_status":"closed","ping_status":"open","template":"showcase.php","meta":{"spay_email":""},"jetpack_sharing_enabled":true,"jetpack_shortlink":"https:\/\/wp.me\/P4F1jC-p","_links":{"self":[{"href":"https:\/\/www.homoeopathie.heidenheim.com\/index.php?rest_route=\/wp\/v2\/pages\/25"}],"collection":[{"href":"https:\/\/www.homoeopathie.heidenheim.com\/index.php?rest_route=\/wp\/v2\/pages"}],"about":[{"href":"https:\/\/www.homoeopathie.heidenheim.com\/index.php?rest_route=\/wp\/v2\/types\/page"}],"author":[{"embeddable":true,"href":"https:\/\/www.homoeopathie.heidenheim.com\/index.php?rest_route=\/wp\/v2\/users\/1"}],"replies":[{"embeddable":true,"href":"https:\/\/www.homoeopathie.heidenheim.com\/index.php?rest_route=%2Fwp%2Fv2%2Fcomments&post=25"}],"version-history":[{"count":793,"href":"https:\/\/www.homoeopathie.heidenheim.com\/index.php?rest_route=\/wp\/v2\/pages\/25\/revisions"}],"predecessor-version":[{"id":2864,"href":"https:\/\/www.homoeopathie.heidenheim.com\/index.php?rest_route=\/wp\/v2\/pages\/25\/revisions\/2864"}],"wp:attachment":[{"href":"https:\/\/www.homoeopathie.heidenheim.com\/index.php?rest_route=%2Fwp%2Fv2%2Fmedia&parent=25"}],"curies":[{"name":"wp","href":"https:\/\/api.w.org\/{rel}","templated":true}]}}