{"id":355,"date":"2014-03-27T17:50:58","date_gmt":"2014-03-27T16:50:58","guid":{"rendered":"http:\/\/www.homoeopathie.heidenheim.com\/?page_id=355"},"modified":"2025-08-15T13:25:28","modified_gmt":"2025-08-15T11:25:28","slug":"wissenswertes","status":"publish","type":"page","link":"https:\/\/www.homoeopathie.heidenheim.com\/?page_id=355","title":{"rendered":"Wissenswertes"},"content":{"rendered":"\n<div class=\"wp-block-image\"><figure class=\"alignleft\"><img loading=\"lazy\" width=\"960\" height=\"150\" src=\"http:\/\/www.homoeopathie.heidenheim.com\/wp-content\/uploads\/2013\/11\/Fotolia_27425976_mod.jpg\" alt=\"Fotolia_27425976_mod\" class=\"wp-image-189\" srcset=\"https:\/\/www.homoeopathie.heidenheim.com\/wp-content\/uploads\/2013\/11\/Fotolia_27425976_mod.jpg 960w, https:\/\/www.homoeopathie.heidenheim.com\/wp-content\/uploads\/2013\/11\/Fotolia_27425976_mod-300x46.jpg 300w, https:\/\/www.homoeopathie.heidenheim.com\/wp-content\/uploads\/2013\/11\/Fotolia_27425976_mod-500x78.jpg 500w\" sizes=\"(max-width: 960px) 100vw, 960px\" \/><\/figure><\/div>\n\n\n\n<p class=\"has-text-align-right\"><span style=\"color: #ff00ff;\"><em>Echinacea purpurea (Roter Sonnenhut)<\/em><\/span><\/p>\n\n\n\n<h1>&nbsp;<\/h1>\n\n\n\n<h1 class=\"has-text-align-center\"><span style=\"color: #800000;\">Arzneipflanze des Jahrs 2025 &#8211; Die Schafgarbe<\/span><\/h1>\n\n\n\n<figure class=\"wp-block-image\"><img src=\"http:\/\/www.homoeopathie.heidenheim.com\/wp-content\/uploads\/2025\/08\/yarrow-3468857_1280.jpg\" alt=\"\"\/><figcaption><em>Quelle: pixabay\/Pezibear<\/em><\/figcaption><\/figure>\n\n\n\n<h1>&nbsp;<\/h1>\n\n\n\n<p>Die Arzneipflanze des Jahres wird traditionsgem\u00e4\u00df durch den Studienkreis der Entwicklungsgeschichte der Arzneipflanzenkunde in W\u00fcrzburg gek\u00fcrt.<\/p>\n\n\n\n<p>Weitere Informationen erhalten Sie unter folgendem Link:<\/p>\n\n\n\n<p class=\"has-text-align-center\"> <a rel=\"noreferrer noopener\" href=\"https:\/\/www.uni-muenster.de\/Chemie.pb\/institut\/garten\/adj2025.html\" target=\"_blank\">https:\/\/www.uni-muenster.de\/Chemie.pb\/institut\/garten\/adj2025.html<\/a><\/p>\n\n\n\n<p><\/p>\n\n\n\n<p><\/p>\n\n\n\n<p><\/p>\n\n\n\n<p><\/p>\n\n\n\n<p><\/p>\n\n\n\n<p><\/p>\n\n\n\n<p><\/p>\n\n\n\n<p><\/p>\n\n\n\n<hr class=\"wp-block-separator is-style-wide\"\/>\n\n\n\n<p class=\"has-small-font-size\">Letzte Aktualisierung dieser Seite: 15.08.2025<\/p>\n","protected":false},"excerpt":{"rendered":"<p>Echinacea purpurea (Roter Sonnenhut) &nbsp; Arzneipflanze des Jahrs 2025 &#8211; Die Schafgarbe &nbsp; Die Arzneipflanze des Jahres wird traditionsgem\u00e4\u00df durch den Studienkreis der Entwicklungsgeschichte der Arzneipflanzenkunde in W\u00fcrzburg gek\u00fcrt. Weitere Informationen erhalten Sie unter folgendem Link: https:\/\/www.uni-muenster.de\/Chemie.pb\/institut\/garten\/adj2025.html Letzte Aktualisierung dieser &hellip; <a href=\"https:\/\/www.homoeopathie.heidenheim.com\/?page_id=355\">Weiterlesen <span class=\"meta-nav\">&rarr;<\/span><\/a><\/p>\n","protected":false},"author":1,"featured_media":0,"parent":0,"menu_order":5,"comment_status":"closed","ping_status":"open","template":"showcase.php","meta":{"spay_email":""},"jetpack_sharing_enabled":true,"jetpack_shortlink":"https:\/\/wp.me\/P4F1jC-5J","_links":{"self":[{"href":"https:\/\/www.homoeopathie.heidenheim.com\/index.php?rest_route=\/wp\/v2\/pages\/355"}],"collection":[{"href":"https:\/\/www.homoeopathie.heidenheim.com\/index.php?rest_route=\/wp\/v2\/pages"}],"about":[{"href":"https:\/\/www.homoeopathie.heidenheim.com\/index.php?rest_route=\/wp\/v2\/types\/page"}],"author":[{"embeddable":true,"href":"https:\/\/www.homoeopathie.heidenheim.com\/index.php?rest_route=\/wp\/v2\/users\/1"}],"replies":[{"embeddable":true,"href":"https:\/\/www.homoeopathie.heidenheim.com\/index.php?rest_route=%2Fwp%2Fv2%2Fcomments&post=355"}],"version-history":[{"count":88,"href":"https:\/\/www.homoeopathie.heidenheim.com\/index.php?rest_route=\/wp\/v2\/pages\/355\/revisions"}],"predecessor-version":[{"id":2702,"href":"https:\/\/www.homoeopathie.heidenheim.com\/index.php?rest_route=\/wp\/v2\/pages\/355\/revisions\/2702"}],"wp:attachment":[{"href":"https:\/\/www.homoeopathie.heidenheim.com\/index.php?rest_route=%2Fwp%2Fv2%2Fmedia&parent=355"}],"curies":[{"name":"wp","href":"https:\/\/api.w.org\/{rel}","templated":true}]}}