{"id":4,"date":"2013-11-18T18:49:33","date_gmt":"2013-11-18T17:49:33","guid":{"rendered":"http:\/\/v80450.san.local-host.de\/?page_id=4"},"modified":"2026-04-26T19:47:27","modified_gmt":"2026-04-26T17:47:27","slug":"uber-uns","status":"publish","type":"page","link":"https:\/\/www.homoeopathie.heidenheim.com\/","title":{"rendered":"\u00dcber uns"},"content":{"rendered":"\n<div class=\"wp-block-columns\">\n<div class=\"wp-block-column\" style=\"flex-basis:50%\">\n<p class=\"has-black-color has-text-color has-medium-font-size\"><span style=\"color: #993300;\"><strong>Herzlich willkommen auf unserer Homepage!<\/strong><\/span><\/p>\n\n\n\n<p class=\"has-black-color has-text-color\" style=\"font-size:18px\"><br>Die Hom\u00f6opathie erfreut sich immer gr\u00f6\u00dferer Beliebtheit. In repr\u00e4sentativen Umfragen sind 75 % der Teilnehmer f\u00fcr die Anwendung der Hom\u00f6opathie neben der Schulmedizin. Wir sind froh dar\u00fcber, dass die Petition \u00fcber das Aktionsb\u00fcndnis \u201eweil`s hilft` erfolgreich war und die Politik ihr Vorhaben revidieren musste. Unser Verein bietet in seinem j\u00e4hrlichen Programm Vortr\u00e4ge \u00fcber die Hom\u00f6opathie sowie andere naturheilkundliche Verfahren an, die von qualifizierten Referenten betreut werden. \u00dcber verschiedene Links auf unserer homepage k\u00f6nnen Sie sich Informationen einholen z.B. Vortr\u00e4ge, Zugang zur Stadtbibliothek etc. \u00dcber eine Mitgliedschaft unterst\u00fctzen Sie den Verein mit einem geringen Jahresbeitrag. Sehr beliebt ist auch unsere Fachzeitschrift \u201eNatur+Heilen\u201c, die \u00fcber den Verein kosteng\u00fcnstig im Jahresabonnement bezogen werden kann. Nehmen Sie einfach Kontakt mit uns auf.<\/p>\n<\/div>\n\n\n\n<div class=\"wp-block-column\" style=\"flex-basis:50%\">\n<figure class=\"wp-block-image size-large\"><a href=\"http:\/\/www.homoeopathie.heidenheim.com\/wp-content\/uploads\/2026\/04\/AdobeStock_79436255-scaled.jpeg\"><img loading=\"lazy\" width=\"1024\" height=\"683\" src=\"http:\/\/www.homoeopathie.heidenheim.com\/wp-content\/uploads\/2026\/04\/AdobeStock_79436255-1024x683.jpeg\" alt=\"\" class=\"wp-image-2878\" srcset=\"https:\/\/www.homoeopathie.heidenheim.com\/wp-content\/uploads\/2026\/04\/AdobeStock_79436255-1024x683.jpeg 1024w, https:\/\/www.homoeopathie.heidenheim.com\/wp-content\/uploads\/2026\/04\/AdobeStock_79436255-300x200.jpeg 300w, https:\/\/www.homoeopathie.heidenheim.com\/wp-content\/uploads\/2026\/04\/AdobeStock_79436255-768x512.jpeg 768w, https:\/\/www.homoeopathie.heidenheim.com\/wp-content\/uploads\/2026\/04\/AdobeStock_79436255-1536x1024.jpeg 1536w, https:\/\/www.homoeopathie.heidenheim.com\/wp-content\/uploads\/2026\/04\/AdobeStock_79436255-2048x1365.jpeg 2048w, https:\/\/www.homoeopathie.heidenheim.com\/wp-content\/uploads\/2026\/04\/AdobeStock_79436255-450x300.jpeg 450w\" sizes=\"(max-width: 1024px) 100vw, 1024px\" \/><\/a><\/figure>\n\n\n\n<p class=\"has-text-align-center\" style=\"font-size:18px\"><strong><span style=\"color: #993300;\"><strong>Termine<\/strong><\/span><\/strong><br><strong>Vortrag am Donnerstag, 07.05.2026 um<\/strong> <strong>19:00 Uhr<\/strong><br><strong>&#8222;Die Heilkraft der Biene, bew\u00e4hrte Medikamente und Anwendungen in der anthroposophisch medizinischen Praxis&#8220;<\/strong><br>Referentin: Dr. med. Ulrike Geyer, Fach\u00e4rztin f\u00fcr Allgemeinmedizin, Heidenheim.<br>Ort: Jagdschl\u00f6ssle, Schnaitheim<br><br> \u2192 <a href=\"https:\/\/www.homoeopathie.heidenheim.com\/?page_id=25\">Veranstaltungen<\/a><br><\/p>\n\n\n\n<hr class=\"wp-block-separator has-text-color has-background is-style-wide\" style=\"background-color:#ff0000;color:#ff0000\"\/>\n\n\n\n<hr class=\"wp-block-separator has-text-color has-background is-style-wide\" style=\"background-color:#ff0000;color:#ff0000\"\/>\n<\/div>\n<\/div>\n\n\n\n<hr class=\"wp-block-separator has-text-color has-background is-style-wide\" style=\"background-color:#f54747;color:#f54747\"\/>\n\n\n\n<div id=\"block-8ef48045-86a3-4b43-811d-9af757312db2\" class=\"wp-block-image\"><figure class=\"aligncenter\"><img src=\"https:\/\/www.homoeopathie.heidenheim.com\/wp-content\/uploads\/2024\/04\/Geyer-frei.jpg\" alt=\"Dieses Bild hat ein leeres Alt-Attribut. Der Dateiname ist Geyer-frei.jpg\"\/><\/figure><\/div>\n\n\n\n<p class=\"has-text-align-center has-medium-font-size\" id=\"block-790aa385-5dde-4687-b14c-b131bcf8f0ef\"><a rel=\"noreferrer noopener\" href=\"https:\/\/www.youtube.com\/watch?v=E_8LNwMYvPs\" target=\"_blank\">Weiterlesen . . .<\/a><\/p>\n\n\n\n<h3>LETZTE AKTUALISIERUNG DIESER SEITE: 06.01.2026<\/h3>\n\n\n\n<p><\/p>\n","protected":false},"excerpt":{"rendered":"<p>Herzlich willkommen auf unserer Homepage! Die Hom\u00f6opathie erfreut sich immer gr\u00f6\u00dferer Beliebtheit. In repr\u00e4sentativen Umfragen sind 75 % der Teilnehmer f\u00fcr die Anwendung der Hom\u00f6opathie neben der Schulmedizin. Wir sind froh dar\u00fcber, dass die Petition \u00fcber das Aktionsb\u00fcndnis \u201eweil`s hilft` &hellip; <a href=\"https:\/\/www.homoeopathie.heidenheim.com\/\">Weiterlesen <span class=\"meta-nav\">&rarr;<\/span><\/a><\/p>\n","protected":false},"author":1,"featured_media":0,"parent":0,"menu_order":1,"comment_status":"closed","ping_status":"closed","template":"showcase.php","meta":{"spay_email":""},"jetpack_sharing_enabled":false,"jetpack_shortlink":"https:\/\/wp.me\/P4F1jC-4","_links":{"self":[{"href":"https:\/\/www.homoeopathie.heidenheim.com\/index.php?rest_route=\/wp\/v2\/pages\/4"}],"collection":[{"href":"https:\/\/www.homoeopathie.heidenheim.com\/index.php?rest_route=\/wp\/v2\/pages"}],"about":[{"href":"https:\/\/www.homoeopathie.heidenheim.com\/index.php?rest_route=\/wp\/v2\/types\/page"}],"author":[{"embeddable":true,"href":"https:\/\/www.homoeopathie.heidenheim.com\/index.php?rest_route=\/wp\/v2\/users\/1"}],"replies":[{"embeddable":true,"href":"https:\/\/www.homoeopathie.heidenheim.com\/index.php?rest_route=%2Fwp%2Fv2%2Fcomments&post=4"}],"version-history":[{"count":99,"href":"https:\/\/www.homoeopathie.heidenheim.com\/index.php?rest_route=\/wp\/v2\/pages\/4\/revisions"}],"predecessor-version":[{"id":2891,"href":"https:\/\/www.homoeopathie.heidenheim.com\/index.php?rest_route=\/wp\/v2\/pages\/4\/revisions\/2891"}],"wp:attachment":[{"href":"https:\/\/www.homoeopathie.heidenheim.com\/index.php?rest_route=%2Fwp%2Fv2%2Fmedia&parent=4"}],"curies":[{"name":"wp","href":"https:\/\/api.w.org\/{rel}","templated":true}]}}