{"id":511,"date":"2014-05-04T11:15:53","date_gmt":"2014-05-04T09:15:53","guid":{"rendered":"http:\/\/www.homoeopathie.heidenheim.com\/?page_id=511"},"modified":"2025-06-01T19:43:55","modified_gmt":"2025-06-01T17:43:55","slug":"homoeopathie","status":"publish","type":"page","link":"https:\/\/www.homoeopathie.heidenheim.com\/?page_id=511","title":{"rendered":"Hom\u00f6opathie"},"content":{"rendered":"<p style=\"text-align: right;\"><a href=\"http:\/\/www.homoeopathie.heidenheim.com\/wp-content\/uploads\/2013\/11\/Fotolia_27425976_mod.jpg\"><img loading=\"lazy\" class=\"alignleft size-full wp-image-189\" src=\"http:\/\/www.homoeopathie.heidenheim.com\/wp-content\/uploads\/2013\/11\/Fotolia_27425976_mod.jpg\" alt=\"Fotolia_27425976_mod\" width=\"960\" height=\"150\" srcset=\"https:\/\/www.homoeopathie.heidenheim.com\/wp-content\/uploads\/2013\/11\/Fotolia_27425976_mod.jpg 960w, https:\/\/www.homoeopathie.heidenheim.com\/wp-content\/uploads\/2013\/11\/Fotolia_27425976_mod-300x46.jpg 300w, https:\/\/www.homoeopathie.heidenheim.com\/wp-content\/uploads\/2013\/11\/Fotolia_27425976_mod-500x78.jpg 500w\" sizes=\"(max-width: 960px) 100vw, 960px\" \/><\/a><span style=\"color: #ff00ff;\"><em>Echinacea purpurea (Roter Sonnenhut)<\/em><\/span><\/p>\n<h1><span style=\"color: #800000;\">Hom\u00f6opathie<\/span><\/h1>\n\n\n<figure class=\"wp-block-image\" id=\"block-8ef48045-86a3-4b43-811d-9af757312db2\"><img src=\"https:\/\/www.homoeopathie.heidenheim.com\/wp-content\/uploads\/2024\/04\/Geyer-frei.jpg\" alt=\"Dieses Bild hat ein leeres Alt-Attribut. Der Dateiname ist Geyer-frei.jpg\"\/><\/figure>\n\n\n\n<p class=\"has-text-align-center has-medium-font-size\" id=\"block-790aa385-5dde-4687-b14c-b131bcf8f0ef\"><a rel=\"noreferrer noopener\" href=\"https:\/\/www.youtube.com\/watch?v=E_8LNwMYvPs\" target=\"_blank\">W<strong>eiterlesen . . .<\/strong><\/a><\/p>\n\n\n<h1>Hom\u00f6opathie f\u00fcr unterwegs &#8211; Reiseapotheken<\/h1>\n<p><em>(Artikel aus der Internetpr\u00e4senz&nbsp;&#8222;Deutscher Zentralverein hom\u00f6opathischer \u00c4rzte&#8220;)<\/em><\/p>\n<p>Jetzt geht es wieder raus, Sport- oder Urlaubsangebote gibt es in H\u00fclle und F\u00fclle. Von der eher gem\u00fctlichen Familienradtour bis zum mountain biking durch unwegsames Gel\u00e4nde, oder dem Urlaub, der pauschal gebucht oder individuell geplant wird. Doch die Kehrseite von aktiver Freizeit, von Sport und Urlaub k\u00f6nnen Verletzungen und Krankheiten sein. Eine hom\u00f6opathische Reiseapotheke und ein entsprechendes Handbuch sollten deshalb unbedingt mit auf Reisen gehen.<\/p>\n<p><a href=\"https:\/\/www.dzvhae.de\/homoeopathie-die-reiseapotheke.html\" target=\"_blank\" rel=\"noopener\"><span style=\"text-decoration: underline;\"><span style=\"color: #0066cc;\">Lesen Sie den ganzen Beitrag &#8230;<\/span><\/span><\/a><\/p>\n<h2><\/h2>\n<h2>Erk\u00e4ltungskrankheiten &#8211; Gesund durch die nasse und kalte Jahreszeit<\/h2>\n<p><a href=\"http:\/\/www.homoeopathie.heidenheim.com\/wp-content\/uploads\/2015\/01\/Faltblatt-1.jpg\"><img loading=\"lazy\" class=\"alignleft size-medium wp-image-690\" src=\"http:\/\/www.homoeopathie.heidenheim.com\/wp-content\/uploads\/2015\/01\/Faltblatt-1-140x300.jpg\" alt=\"Faltblatt-1\" width=\"140\" height=\"300\"><\/a>Eine Erk\u00e4ltung ist eine akute Infektion der oberen Atemwege, die man sich vorzugsweise bei nasskaltem Wetter zuzieht. Typische Symptome sind Husten, Schnupfen und Heiserkeit. In der Regel handelt es sich um eine Virusinfektion, jedoch nur selten um eine echte Grippe (Influenza) &#8211; \u00fcber 200 verschiedene Virustypen kommen in Frage. Diese sogenannten grippalen Infekte sind die h\u00e4ufigsten vorkommenden Erkrankungen. Zu Beginn oder im Verlauf der Erk\u00e4ltung treten Beschwerden auf wie Fr\u00f6steln, erh\u00f6hte Temperatur, ein allgemeines Krankheitsgef\u00fchl, M\u00fcdigkeit und Kopf- bzw. Gliederschmerzen. Vor allem Kinder klagen gelegentlich auch \u00fcber Fieber.<br>\nDas anf\u00e4ngliche Kitzeln in der Nase mit Niesreiz geht meist schnell in Schnupfen \u00fcber. Die Entz\u00fcndung breitet sich dann aus, so dass es zu einer Rachen- und Kehlkopfentz\u00fcndung oder gar zu einer Bronchitis kommen kann.<\/p>\n<h5><span style=\"color: #800000;\"><em>Der Text ist entnommen aus dem Faltblatt &#8222;Leitfaden zur Behandlung von Erk\u00e4ltungskrankheiten&#8220;&nbsp;des Deutschen Zentralvereins hom\u00f6opathischer \u00c4rzte (DZVh\u00c4). Mit freundlicher Genehmigung der Pressestelle des DZVh\u00c4.<\/em><\/span><\/h5>\n<h5><em>Lesen Sie das ganze Faltblatt: <a href=\"http:\/\/www.homoeopathie.heidenheim.com\/wp-content\/uploads\/2016\/12\/Behandlung_von_Erkaeltungskrankheiten.pdf\" target=\"_blank\" rel=\"noopener\">Klicken Sie hier<\/a>.<\/em><\/h5>\n<h2>Wobei kann Hom\u00f6opathie helfen?<\/h2>\n<p><a href=\"http:\/\/www.homoeopathie.heidenheim.com\/wp-content\/uploads\/2016\/06\/10_Leitfheilm.jpg\"><img loading=\"lazy\" class=\"alignleft size-medium wp-image-1171\" src=\"http:\/\/www.homoeopathie.heidenheim.com\/wp-content\/uploads\/2016\/06\/10_Leitfheilm-142x300.jpg\" alt=\"10_Leitfheilm\" width=\"142\" height=\"300\" srcset=\"https:\/\/www.homoeopathie.heidenheim.com\/wp-content\/uploads\/2016\/06\/10_Leitfheilm-142x300.jpg 142w, https:\/\/www.homoeopathie.heidenheim.com\/wp-content\/uploads\/2016\/06\/10_Leitfheilm.jpg 252w\" sizes=\"(max-width: 142px) 100vw, 142px\" \/><\/a>Wir freuen uns, dass Sie sich f\u00fcr eine hom\u00f6opathische Behandlung interessieren. Hom\u00f6opathie ist bei allen Krankheiten einsetzbar, die keiner chirurgischen Behandlung bed\u00fcrfen. Irreversible Ausf\u00e4lle von K\u00f6rperfunktionen (z.B. Insulinmangel) kann ein hom\u00f6opathisches Mittel nicht ersetzen. Solange der Organismus jedoch zu einer Reaktion auf die Arznei f\u00e4hig ist, kann ein hom\u00f6opathisches Mittel heilen!<\/p>\n<p><span style=\"color: #800000;\"><em>Der Text ist entnommen aus dem Faltblatt &#8222;Leitfaden zur Behandlung mit hom\u00f6opathischen Heilmitteln&#8220;&nbsp;des Deutschen Zentralvereins hom\u00f6opathischer \u00c4rzte (DZVh\u00c4). Mit freundlicher Genehmigung der Pressestelle des DZVh\u00c4.<br>\n<\/em><\/span><em>Lesen Sie das ganze Faltblatt: <a href=\"https:\/\/www.dzvhae.de\/homoeopathie-fuer-patienten\/publikationen-1-104\/faltblaetter-1-118\/\" target=\"_blank\" rel=\"noopener\"><span style=\"text-decoration: underline;\"><span style=\"color: #0066cc;\">Klicken Sie hier<\/span><\/span><\/a>.<\/em><\/p>\n<p><strong>Wickel, Tees und Globuli<\/strong><\/p>\n<p align=\"LEFT\"><a href=\"http:\/\/www.homoeopathie.heidenheim.com\/wp-content\/uploads\/2016\/06\/10_Leitfaden.jpg\"><img loading=\"lazy\" class=\"alignleft size-full wp-image-1176\" src=\"http:\/\/www.homoeopathie.heidenheim.com\/wp-content\/uploads\/2016\/06\/10_Leitfaden.jpg\" alt=\"10_Leitfaden\" width=\"100\" height=\"211\"><\/a>Naturheilverfahren k\u00f6nnen als wirksame Therapiema\u00dfnahmen das Symptombild einer Krankheit beeinflussen. Das Symptomen-Muster einer Krankheit ist aber andererseits auch die Basis f\u00fcr eine hom\u00f6opathische Mittelverordnung.<\/p>\n<p align=\"LEFT\"><span style=\"color: #800000;\"><em>Der Text ist entnommen aus dem Faltblatt &#8222;Leitfaden zu Naturheilverfahren w\u00e4hrend der hom\u00f6opathischen Behandlung &#8220;&nbsp;des Deutschen Zentralvereins hom\u00f6opathischer \u00c4rzte (DZVh\u00c4). Mit freundlicher Genehmigung der Pressestelle des DZVh\u00c4.<br>\n<\/em><\/span><em>Lesen Sie das ganze Faltblatt: <a href=\"https:\/\/www.dzvhae.de\/homoeopathie-fuer-patienten\/publikationen-1-104\/faltblaetter-1-118\/\" target=\"_blank\" rel=\"noopener\"><span style=\"text-decoration: underline;\"><span style=\"color: #0066cc;\">Klicken Sie hier<\/span><\/span><\/a>.<\/em><\/p>\n<h2>Blog des DZVh\u00c4:<br>\n<a href=\"http:\/\/dzvhae-homoeopathie-blog.de\/\" target=\"_blank\" rel=\"noopener\"><em><span style=\"text-decoration: underline;\"><span style=\"color: #0066cc;\">http:\/\/dzvhae-homoeopathie-blog.de\/<\/span><\/span><\/em><\/a><\/h2>","protected":false},"excerpt":{"rendered":"<p>Echinacea purpurea (Roter Sonnenhut) Hom\u00f6opathie Weiterlesen . . . Hom\u00f6opathie f\u00fcr unterwegs &#8211; Reiseapotheken (Artikel aus der Internetpr\u00e4senz&nbsp;&#8222;Deutscher Zentralverein hom\u00f6opathischer \u00c4rzte&#8220;) Jetzt geht es wieder raus, Sport- oder Urlaubsangebote gibt es in H\u00fclle und F\u00fclle. Von der eher gem\u00fctlichen Familienradtour &hellip; <a href=\"https:\/\/www.homoeopathie.heidenheim.com\/?page_id=511\">Weiterlesen <span class=\"meta-nav\">&rarr;<\/span><\/a><\/p>\n","protected":false},"author":1,"featured_media":0,"parent":355,"menu_order":0,"comment_status":"closed","ping_status":"open","template":"showcase.php","meta":{"spay_email":""},"jetpack_sharing_enabled":true,"jetpack_shortlink":"https:\/\/wp.me\/P4F1jC-8f","_links":{"self":[{"href":"https:\/\/www.homoeopathie.heidenheim.com\/index.php?rest_route=\/wp\/v2\/pages\/511"}],"collection":[{"href":"https:\/\/www.homoeopathie.heidenheim.com\/index.php?rest_route=\/wp\/v2\/pages"}],"about":[{"href":"https:\/\/www.homoeopathie.heidenheim.com\/index.php?rest_route=\/wp\/v2\/types\/page"}],"author":[{"embeddable":true,"href":"https:\/\/www.homoeopathie.heidenheim.com\/index.php?rest_route=\/wp\/v2\/users\/1"}],"replies":[{"embeddable":true,"href":"https:\/\/www.homoeopathie.heidenheim.com\/index.php?rest_route=%2Fwp%2Fv2%2Fcomments&post=511"}],"version-history":[{"count":38,"href":"https:\/\/www.homoeopathie.heidenheim.com\/index.php?rest_route=\/wp\/v2\/pages\/511\/revisions"}],"predecessor-version":[{"id":2640,"href":"https:\/\/www.homoeopathie.heidenheim.com\/index.php?rest_route=\/wp\/v2\/pages\/511\/revisions\/2640"}],"up":[{"embeddable":true,"href":"https:\/\/www.homoeopathie.heidenheim.com\/index.php?rest_route=\/wp\/v2\/pages\/355"}],"wp:attachment":[{"href":"https:\/\/www.homoeopathie.heidenheim.com\/index.php?rest_route=%2Fwp%2Fv2%2Fmedia&parent=511"}],"curies":[{"name":"wp","href":"https:\/\/api.w.org\/{rel}","templated":true}]}}