{"id":55,"date":"2013-11-20T19:42:53","date_gmt":"2013-11-20T18:42:53","guid":{"rendered":"http:\/\/v80450.san.local-host.de\/?page_id=55"},"modified":"2025-06-01T19:41:37","modified_gmt":"2025-06-01T17:41:37","slug":"satzung","status":"publish","type":"page","link":"https:\/\/www.homoeopathie.heidenheim.com\/?page_id=55","title":{"rendered":"Mitgliedschaft"},"content":{"rendered":"<p style=\"text-align: right;\"><a href=\"http:\/\/www.homoeopathie.heidenheim.com\/wp-content\/uploads\/2015\/12\/PICT0592-Header.jpg\"><img loading=\"lazy\" class=\"alignleft size-full wp-image-1000\" src=\"http:\/\/www.homoeopathie.heidenheim.com\/wp-content\/uploads\/2015\/12\/PICT0592-Header.jpg\" alt=\"PICT0592 - Header\" width=\"826\" height=\"146\" srcset=\"https:\/\/www.homoeopathie.heidenheim.com\/wp-content\/uploads\/2015\/12\/PICT0592-Header.jpg 826w, https:\/\/www.homoeopathie.heidenheim.com\/wp-content\/uploads\/2015\/12\/PICT0592-Header-300x53.jpg 300w, https:\/\/www.homoeopathie.heidenheim.com\/wp-content\/uploads\/2015\/12\/PICT0592-Header-500x88.jpg 500w\" sizes=\"(max-width: 826px) 100vw, 826px\" \/><\/a><br \/><em><span style=\"color: #993300;\">Pulsatilla (K\u00fcchenschelle)<\/span><\/em><\/p>\n<h1>Vorteile einer Mitgliedschaft<\/h1>\n<ul>\n<li>Alle Veranstaltungen des aktuellen Programms sind f\u00fcr Mitglieder des Vereins kostenfrei oder erm\u00e4\u00dfigt<\/li>\n<li>Kostenlose Teilnahme an Vortr\u00e4gen der hom\u00f6opathischen Vereine im Kreis Heidenheim<\/li>\n<li>Wir sind Mitglied im Gesundheitsforum Heidenheim e.V. Dadurch erhalten unsere Mitglieder erm\u00e4\u00dfigten Eintritt zu den Veranstaltungen<\/li>\n<li>Der Verein ist als gemeinn\u00fctzig anerkannt. Mitgliedsbeitr\u00e4ge sind steuerlich absetzbar<\/li>\n<li>Sie unterst\u00fctzen uns bei unserer Aufgabe, die Hom\u00f6opathie nach Dr. Samuel Hahnemann in der Bev\u00f6lkerung bekannt zu machen.<\/li>\n<\/ul>\n<p><strong>Verschiedene Varianten einer Mitgliedschaft &#8211; Stand 2021<\/strong><\/p>\n<p>Mitgliedschaft <strong>Einzelperson<\/strong> &#8211; Jahresbeitrag 13.- \u20ac; mit Fachzeitschrift &#8222;Natur &amp; Heilen&#8220; Jahresbeitrag 55.- \u20ac<\/p>\n<p>Mitgliedschaft <strong>Ehepaare<\/strong> &#8211; Jahresbeitrag 18.- \u20ac; mit Fachzeitschrift &#8222;Natur &amp; Heilen&#8220; Jahresbeitrag 60.- \u20ac<\/p>\n<p>Wenn Sie Mitglied werden wollen, k\u00f6nnen Sie die <a href=\"http:\/\/www.homoeopathie.heidenheim.com\/wp-content\/uploads\/2024\/04\/Beitrittserklaerung202401.pdf\" target=\"_blank\" rel=\"noopener\">Beitrittserkl\u00e4rung<\/a> ausdrucken und an uns zur\u00fcckschicken: E-Mail:\u00a0<a href=\"mailto:info@homoeopathie.heidenheim.com\">info@homoeopathie.heidenheim.com<\/a> oder Postanschrift: Georg Grandy, Eugen-Bolz-Weg 7, 89522 Heidenheim, oder rufen Sie einfach an, wenn Sie Fragen haben: 07321-951300.<br \/>Weitere Ausk\u00fcnfte erteilen Ihnen gerne auch die Ansprechpartner auf unserer Kontakt-Seite.<\/p>\n<p><strong style=\"font-weight: bold;\">Datenschutz im Verein<br \/><\/strong>Hier k\u00f6nnen Sie unsere\u00a0Datenschutzerkl\u00e4rung einsehen:<\/p>\n<p><a href=\"http:\/\/www.homoeopathie.heidenheim.com\/wp-content\/uploads\/2018\/07\/2018-Datenschutzrichtlinie.pdf\" target=\"_blank\" rel=\"noopener noreferrer\">Datenschutz<\/a><\/p>\n<p><strong>Satzung<br \/><\/strong>Hier k\u00f6nnen Sie unsere Satzung einsehen:<\/p>\n<p><a href=\"http:\/\/www.homoeopathie.heidenheim.com\/wp-content\/uploads\/2024\/05\/2024-Vereinssatzung-DIN-A4.pdf\" target=\"_blank\" rel=\"noopener noreferrer\">Satzung<\/a><\/p>\n<h3 style=\"text-align: center;\">Letzte Aktualisierung: 01.06.2025<\/h3>\n\n\n<p><\/p>\n","protected":false},"excerpt":{"rendered":"<p>Pulsatilla (K\u00fcchenschelle) Vorteile einer Mitgliedschaft Alle Veranstaltungen des aktuellen Programms sind f\u00fcr Mitglieder des Vereins kostenfrei oder erm\u00e4\u00dfigt Kostenlose Teilnahme an Vortr\u00e4gen der hom\u00f6opathischen Vereine im Kreis Heidenheim Wir sind Mitglied im Gesundheitsforum Heidenheim e.V. Dadurch erhalten unsere Mitglieder erm\u00e4\u00dfigten &hellip; <a href=\"https:\/\/www.homoeopathie.heidenheim.com\/?page_id=55\">Weiterlesen <span class=\"meta-nav\">&rarr;<\/span><\/a><\/p>\n","protected":false},"author":1,"featured_media":0,"parent":48,"menu_order":0,"comment_status":"closed","ping_status":"open","template":"showcase.php","meta":{"spay_email":""},"jetpack_sharing_enabled":true,"jetpack_shortlink":"https:\/\/wp.me\/P4F1jC-T","_links":{"self":[{"href":"https:\/\/www.homoeopathie.heidenheim.com\/index.php?rest_route=\/wp\/v2\/pages\/55"}],"collection":[{"href":"https:\/\/www.homoeopathie.heidenheim.com\/index.php?rest_route=\/wp\/v2\/pages"}],"about":[{"href":"https:\/\/www.homoeopathie.heidenheim.com\/index.php?rest_route=\/wp\/v2\/types\/page"}],"author":[{"embeddable":true,"href":"https:\/\/www.homoeopathie.heidenheim.com\/index.php?rest_route=\/wp\/v2\/users\/1"}],"replies":[{"embeddable":true,"href":"https:\/\/www.homoeopathie.heidenheim.com\/index.php?rest_route=%2Fwp%2Fv2%2Fcomments&post=55"}],"version-history":[{"count":49,"href":"https:\/\/www.homoeopathie.heidenheim.com\/index.php?rest_route=\/wp\/v2\/pages\/55\/revisions"}],"predecessor-version":[{"id":2639,"href":"https:\/\/www.homoeopathie.heidenheim.com\/index.php?rest_route=\/wp\/v2\/pages\/55\/revisions\/2639"}],"up":[{"embeddable":true,"href":"https:\/\/www.homoeopathie.heidenheim.com\/index.php?rest_route=\/wp\/v2\/pages\/48"}],"wp:attachment":[{"href":"https:\/\/www.homoeopathie.heidenheim.com\/index.php?rest_route=%2Fwp%2Fv2%2Fmedia&parent=55"}],"curies":[{"name":"wp","href":"https:\/\/api.w.org\/{rel}","templated":true}]}}