{"id":68,"date":"2013-11-20T20:10:55","date_gmt":"2013-11-20T19:10:55","guid":{"rendered":"http:\/\/v80450.san.local-host.de\/?page_id=68"},"modified":"2025-06-01T19:46:13","modified_gmt":"2025-06-01T17:46:13","slug":"links","status":"publish","type":"page","link":"https:\/\/www.homoeopathie.heidenheim.com\/?page_id=68","title":{"rendered":"Links"},"content":{"rendered":"\n<p class=\"has-text-align-right\"><a href=\"http:\/\/v80450.san.local-host.de\/wp-content\/uploads\/2013\/11\/Fotolia_27425976_mod.jpg\"><span style=\"color: #808080;\">Hier finden <\/span><\/a><a href=\"http:\/\/www.homoeopathie.heidenheim.com\/wp-content\/uploads\/2013\/11\/Fotolia_27425976_mod.jpg\"><img loading=\"lazy\" class=\"alignnone wp-image-189 size-full\" src=\"http:\/\/www.homoeopathie.heidenheim.com\/wp-content\/uploads\/2013\/11\/Fotolia_27425976_mod.jpg\" alt=\"Fotolia_27425976_mod\" width=\"960\" height=\"150\" srcset=\"https:\/\/www.homoeopathie.heidenheim.com\/wp-content\/uploads\/2013\/11\/Fotolia_27425976_mod.jpg 960w, https:\/\/www.homoeopathie.heidenheim.com\/wp-content\/uploads\/2013\/11\/Fotolia_27425976_mod-300x46.jpg 300w, https:\/\/www.homoeopathie.heidenheim.com\/wp-content\/uploads\/2013\/11\/Fotolia_27425976_mod-500x78.jpg 500w\" sizes=\"(max-width: 960px) 100vw, 960px\" \/><\/a><br><em><span style=\"color: #ff00ff;\">Echinacea purpurea (Roter Sonnenhut)<\/span><\/em><\/p>\n\n\n\n<h1>Interessante Links<\/h1>\n\n\n\n<p>Hier haben wir eine Linksammlung erstellt, die sowohl die Hom\u00f6opathie, als auch interessante Themen im Sinne der Lebenspflege behandeln.<\/p>\n\n\n\n<hr class=\"wp-block-separator has-text-color has-background has-black-background-color has-black-color is-style-wide\"\/>\n\n\n\n<div class=\"wp-block-image\"><figure class=\"aligncenter size-large\"><a href=\"https:\/\/www.heilpraktiker-fakten.de\/\" target=\"_blank\" rel=\"noopener\"><img src=\"http:\/\/www.homoeopathie.heidenheim.com\/wp-content\/uploads\/2024\/05\/Heilpraktiker-Fakten.png\" alt=\"\"\/><\/a><figcaption>Bund Deutscher Heilpraktiker (BDH) e.V., 48231 Warendorf<br>Sehr informativ!<\/figcaption><\/figure><\/div>\n\n\n\n<hr class=\"wp-block-separator has-text-color has-background has-black-background-color has-black-color is-style-wide\"\/>\n\n\n\n<p><strong>Stadtbibliothek Heidenheim<\/strong><\/p>\n\n\n\n<div class=\"wp-block-image\"><figure class=\"aligncenter size-full\"><a href=\"https:\/\/lissy.bibliothek-heidenheim.de\/lissy\/lissy.ly?pg=login&amp;bnr=guest\" target=\"_blank\" rel=\"https:\/\/lissy.bibliothek-heidenheim.de\/lissy\/lissy.ly?pg=login&amp;bnr=guest noopener\"><img loading=\"lazy\" width=\"250\" height=\"187\" src=\"http:\/\/www.homoeopathie.heidenheim.com\/wp-content\/uploads\/2024\/05\/Neue_Stadtbibliothek_Heidenheim_2017-12-02.jpg\" alt=\"\" class=\"wp-image-2475\"\/><\/a><figcaption>Stadtbibliothek Heidenheim.<br>Geben Sie im Feld &#8222;Freie Suche&#8220; den Begriff &#8222;Hom\u00f6opathie&#8220; ein.<\/figcaption><\/figure><\/div>\n\n\n\n<p>In der neuen Stadtbibliothek Heidenheim finden Sie eine umfangreiche Literatursammlung (derzeit 112 B\u00fccher) zum Thema \u201cHom\u00f6opathie\u201d. Unser Verein stellt seit Jahren Literatur als Leihgabe sowohl f\u00fcr Einsteiger als auch f\u00fcr fortgeschrittene Hom\u00f6opathen zur Verf\u00fcgung. Es liegen verschiedene Standardwerke \u00fcber die Wirkungsweise und Anwendung der Hom\u00f6opathie und Arzneimittellehren aus. Sie finden auch B\u00fccher zu speziellen Themen wie Kinder, Frauen, \u00c4ltere Patienten, Erste Hilfe, Freizeit und Sport, Allergien, Erk\u00e4ltungskrankheiten, Krebs u. a.<\/p>\n\n\n\n<hr class=\"wp-block-separator has-text-color has-background has-black-background-color has-black-color is-style-wide\"\/>\n\n\n\n<figure class=\"wp-block-image size-full\"><a href=\"https:\/\/www.wisshom.de\/\" target=\"_blank\" rel=\"noopener\"><img loading=\"lazy\" width=\"848\" height=\"199\" src=\"http:\/\/www.homoeopathie.heidenheim.com\/wp-content\/uploads\/2024\/05\/WissHom-Titel.jpg\" alt=\"\" class=\"wp-image-2485\" srcset=\"https:\/\/www.homoeopathie.heidenheim.com\/wp-content\/uploads\/2024\/05\/WissHom-Titel.jpg 848w, https:\/\/www.homoeopathie.heidenheim.com\/wp-content\/uploads\/2024\/05\/WissHom-Titel-300x70.jpg 300w, https:\/\/www.homoeopathie.heidenheim.com\/wp-content\/uploads\/2024\/05\/WissHom-Titel-768x180.jpg 768w, https:\/\/www.homoeopathie.heidenheim.com\/wp-content\/uploads\/2024\/05\/WissHom-Titel-500x117.jpg 500w\" sizes=\"(max-width: 848px) 100vw, 848px\" \/><\/a><\/figure>\n\n\n\n<figure class=\"wp-block-image size-full\"><a href=\"https:\/\/www.wisshom.de\/\" target=\"_blank\" rel=\"noopener\"><img loading=\"lazy\" width=\"833\" height=\"334\" src=\"http:\/\/www.homoeopathie.heidenheim.com\/wp-content\/uploads\/2024\/05\/WissHom-txt.jpg\" alt=\"\" class=\"wp-image-2484\" srcset=\"https:\/\/www.homoeopathie.heidenheim.com\/wp-content\/uploads\/2024\/05\/WissHom-txt.jpg 833w, https:\/\/www.homoeopathie.heidenheim.com\/wp-content\/uploads\/2024\/05\/WissHom-txt-300x120.jpg 300w, https:\/\/www.homoeopathie.heidenheim.com\/wp-content\/uploads\/2024\/05\/WissHom-txt-768x308.jpg 768w, https:\/\/www.homoeopathie.heidenheim.com\/wp-content\/uploads\/2024\/05\/WissHom-txt-500x200.jpg 500w\" sizes=\"(max-width: 833px) 100vw, 833px\" \/><\/a><\/figure>\n\n\n\n<hr class=\"wp-block-separator has-text-color has-background has-black-background-color has-black-color is-style-wide\"\/>\n\n\n\n<p><a href=\"https:\/\/www.dzvhae.de\/\" target=\"_blank\" rel=\"noopener noreferrer\"><span style=\"text-decoration: underline;\"><span style=\"color: #0066cc;\">Deutscher Zentralverein hom\u00f6opathischer \u00c4rzte e.V. (DZVh\u00c4)<\/span><\/span><\/a><\/p>\n\n\n\n<p><a href=\"http:\/\/www.vkhd.de\/\" target=\"_blank\" rel=\"noopener noreferrer\"><span style=\"text-decoration: underline;\"><span style=\"color: #0066cc; text-decoration: underline;\">Verband Klassischer Hom\u00f6opathen Deutschlands e.V. (VKHD)<\/span><\/span><\/a><br><span style=\"color: #808080;\">Berufsverband f\u00fcr klassisch hom\u00f6opathisch arbeitende Heilpraktiker<\/span><\/p>\n\n\n\n<p><a href=\"http:\/\/www.bkhd.de\/\" target=\"_blank\" rel=\"noopener noreferrer\"><span style=\"text-decoration: underline;\"><span style=\"color: #0066cc;\">Bund Klassischer Hom\u00f6opathen Deutschlands e.V.&nbsp; (BKHD)<\/span><\/span><\/a><\/p>\n\n\n\n<p><a href=\"http:\/\/www.dgkh-homoeopathie.de\/\" target=\"_blank\" rel=\"noopener noreferrer\"><span style=\"text-decoration: underline;\"><span style=\"color: #0066cc;\">Deutsche Gesellschaft f\u00fcr Klassische Hom\u00f6opathie (DGKH)<\/span><\/span><\/a><\/p>\n\n\n\n<p><a href=\"http:\/\/www.dgmh.org\/\" target=\"_blank\" rel=\"noopener noreferrer\"><span style=\"text-decoration: underline;\"><span style=\"color: #0066cc; text-decoration: underline;\">Deutsche Gesellschaft f\u00fcr Miasmatik in der Hom\u00f6opathie (DGMH)<\/span><\/span><\/a><br><span style=\"color: #808080;\">(Mit monatlichem Newsletter)<\/span><\/p>\n\n\n\n<p><a href=\"http:\/\/www.hahnemannia.de\/\" target=\"_blank\" rel=\"noopener noreferrer\"><span style=\"text-decoration: underline;\"><span style=\"color: #0066cc; text-decoration: underline;\">Deutscher Verband f\u00fcr Hom\u00f6opathie und Lebenspflege e.V. &#8222;Hahnemannia&#8220;<\/span><\/span><\/a><br><span style=\"color: #808080;\">Dachverband der Hom\u00f6opathischen Laienvereine<\/span><\/p>\n\n\n\n<p><a href=\"http:\/\/www.homoeopathie-forum.de\/\" target=\"_blank\" rel=\"noopener noreferrer\"><span style=\"text-decoration: underline;\"><span style=\"color: #0066cc; text-decoration: underline;\">Hom\u00f6opathie Forum e.V.<\/span><\/span><\/a><br><span style=\"color: #808080;\">Organisation klassisch hom\u00f6opathisch arbeitender Heilpraktiker e.V.<\/span><\/p>\n\n\n\n<p><a href=\"http:\/\/www.homoeopathenohnegrenzen.de\/\" target=\"_blank\" rel=\"noopener noreferrer\"><span style=\"text-decoration: underline;\"><span style=\"color: #0066cc; text-decoration: underline;\">HOG<\/span><\/span><\/a><br><span style=\"color: #808080;\">Hom\u00f6opathen ohne Grenzen e.V.<\/span><\/p>\n\n\n\n<p><a href=\"http:\/\/www.bph-online.de\/\" target=\"_blank\" rel=\"noopener noreferrer\"><span style=\"text-decoration: underline;\"><span style=\"color: #0066cc;\">Bundesverband Patienten f\u00fcr Hom\u00f6opathie e.V.<\/span><\/span><\/a><\/p>\n\n\n\n<p><a href=\"http:\/\/www.igm-bosch.de\/content\/language1\/html\/index.asp\" target=\"_blank\" rel=\"noopener noreferrer\">Institut f\u00fcr Geschichte der Medizin<\/a><\/p>\n\n\n\n<p><a href=\"http:\/\/foerderverein-naturheilweisen.de\/\" target=\"_blank\" rel=\"noopener noreferrer\">F\u00f6rderverein Krankenhaus f\u00fcr Naturheilweisen e.V. Heidenheim<\/a><\/p>\n\n\n\n<p><a href=\"http:\/\/www.naturundmedizin.de\/index.php\" target=\"_blank\" rel=\"noopener noreferrer\">Natur und Medizin<\/a><br><span style=\"color: #808080;\">F\u00f6rdergemeinschaft der Karl und Veronica-Carstens Stiftung<\/span><\/p>\n\n\n\n<p><a href=\"http:\/\/www.carstens-stiftung.de\/\" target=\"_blank\" rel=\"noopener noreferrer\">Carstens-Stiftung<\/a><br><span style=\"color: #808080;\">F\u00f6rdergemeinschaft Natur und Medizin<\/span><\/p>\n\n\n\n<p><a href=\"https:\/\/www.forum-naturheilkunde.de\/\" target=\"_blank\" rel=\"noopener noreferrer\">Forum Naturheilkunde<\/a><br><span style=\"color: #808080;\">Das Online-Magazin f\u00fcr alternative Lebensweise<\/span><\/p>\n\n\n\n<h1><span style=\"color: #800000;\">Firmenlinks<\/span><\/h1>\n\n\n\n<p><a href=\"http:\/\/www.arcana.de\/de\" target=\"_blank\" rel=\"noopener noreferrer\">ARCANA<\/a><br><span style=\"color: #808080;\">Arzneimittelhersteller speziell LM-Potenzen<\/span><\/p>\n\n\n\n<p><a href=\"https:\/\/www.dhu.de\/\" target=\"_blank\" rel=\"noopener noreferrer\">Deutsche Hom\u00f6opathie-Union<\/a> <span style=\"color: #808080;\">(DHU)<\/span><\/p>\n\n\n\n<p><a href=\"http:\/\/www.gudjons.com\/\" target=\"_blank\" rel=\"noopener noreferrer\">GUDJONS<\/a><br><span style=\"color: #808080;\">Arzneimittelhersteller hom\u00f6opathische Einzelmittel in C- und Q-Potenzen<\/span><\/p>\n\n\n\n<p><a href=\"https:\/\/www.pascoe.de\/\" target=\"_blank\" rel=\"noopener noreferrer\">PASCOE Naturmedizin<\/a><br><span style=\"color: #808080;\">Seit mehr als 120 Jahren steht Pascoe Naturmedizin f\u00fcr Leidenschaft und Know-how in Sachen Naturheilkunde.<\/span><\/p>\n\n\n\n<p><a href=\"https:\/\/www.soluna.de\/index.php\" target=\"_blank\" rel=\"noopener noreferrer\">SOLUNA Heilmittel GmbH<\/a><br><span style=\"color: #808080;\">Im Jahr 1921 gr\u00fcndete der Dichter, Alchemist und Spagyriker Alexander von Bernus das Laboratorium SOLUNA.<\/span><\/p>\n\n\n\n<p><a href=\"http:\/\/www.weleda.de\/\" target=\"_blank\" rel=\"noopener noreferrer\">WELEDA<\/a><\/p>\n\n\n\n<p><a href=\"http:\/\/www.wala.de\/\" target=\"_blank\" rel=\"noopener noreferrer\">WALA Heilmittel GmbH<\/a><\/p>\n\n\n\n<h1><span style=\"color: #800000;\">Hom\u00f6opathische Literatur<\/span><\/h1>\n\n\n\n<p><a href=\"https:\/\/www.bibliothek-heidenheim.de\/,Lde\/medien-+und+schmoekerlisten.html\" target=\"_blank\" rel=\"noopener noreferrer\">Hom\u00f6opathische Literatur in der Stadtbibliothek Heidenheim<\/a><br>Mit dem o.g. Link gelangen Sie zu den Medien- und Schm\u00f6kerlisten der Stadtbibliothek Heidenheim.&nbsp;Klicken Sie auf den Eintrag &#8222;Hom\u00f6opathie &#8211; B\u00fccher des Vereins &#8230;&#8220; und Sie erhalten eine Liste aller B\u00fccher im pdf-Format.<\/p>\n\n\n\n<p><a href=\"http:\/\/www.sunrise-versand.de\/\" target=\"_blank\" rel=\"noopener noreferrer\">Sunrise Versand<\/a><\/p>\n\n\n\n<p><a href=\"http:\/\/www.narayana-verlag.de\/index.php\" target=\"_blank\" rel=\"noopener noreferrer\">Narayana Verlag<\/a><\/p>\n\n\n\n<p><a href=\"https:\/\/www.thieme.de\/de\/haug-405.htm\" target=\"_blank\" rel=\"noopener noreferrer\">Karl Friedrich Haug Verlag<\/a><\/p>\n\n\n\n<h1><span style=\"color: #800000;\">Verschiedenes<\/span><\/h1>\n\n\n\n<p><a href=\"http:\/\/homoeopathie-tv.com\/\" target=\"_blank\" rel=\"noopener noreferrer\">Hom\u00f6opathie.tv<\/a><span style=\"color: #0066cc;\"><br style=\"color: #0066cc;\"><\/span><span style=\"color: #808080;\">Informiert \u00fcber Neuigkeiten zur Hom\u00f6opathie<\/span><\/p>\n\n\n\n<p><span style=\"color: #0066cc;\"><a href=\"https:\/\/www.globuli.de\/einzelmittel\/\" target=\"_blank\" rel=\"noopener noreferrer\">Globuli.de<br><\/a><\/span><span style=\"color: #808080;\">Liste aller Einzelmittel von A bis Z<\/span><\/p>\n\n\n\n<p><a href=\"http:\/\/www.homoeopathie-homoeopathisch.de\/homoeopathische-mittel\/index.shtml\" target=\"_blank\" rel=\"noopener noreferrer\">Hom\u00f6opathische Mittel<\/a><br><span style=\"color: #808080;\">Hier finden Sie die Mittelbeschreibungen und Anwendungsgebiete von Aktuell 223 hom\u00f6opathischen Mitteln.<\/span><\/p>\n\n\n\n<p><a href=\"http:\/\/www.vorsichtgesund.de\/glossary\/\" target=\"_blank\" rel=\"noopener noreferrer\"><span style=\"text-decoration: underline;\"><span style=\"color: #0066cc;\">Heilpflanzen Lexikon&nbsp;<\/span><\/span><\/a><\/p>\n\n\n\n<p><a href=\"http:\/\/heilkraeuter.de\/lexikon\/index-komplett.htm\" target=\"_blank\" rel=\"noopener noreferrer\">Heilkr\u00e4uterlexikon<\/a><br><span style=\"color: #808080;\">Hier werden einzelne Kr\u00e4uter genauer beleuchtet.<\/span><\/p>\n\n\n\n<p><span style=\"color: #999999;\"><em>Letzte Aktualisierung: 19.01.2019<\/em><\/span><\/p>\n","protected":false},"excerpt":{"rendered":"<p>Hier finden Echinacea purpurea (Roter Sonnenhut) Interessante Links Hier haben wir eine Linksammlung erstellt, die sowohl die Hom\u00f6opathie, als auch interessante Themen im Sinne der Lebenspflege behandeln. Stadtbibliothek Heidenheim In der neuen Stadtbibliothek Heidenheim finden Sie eine umfangreiche Literatursammlung (derzeit &hellip; <a href=\"https:\/\/www.homoeopathie.heidenheim.com\/?page_id=68\">Weiterlesen <span class=\"meta-nav\">&rarr;<\/span><\/a><\/p>\n","protected":false},"author":1,"featured_media":0,"parent":355,"menu_order":1,"comment_status":"closed","ping_status":"open","template":"showcase.php","meta":{"spay_email":""},"jetpack_sharing_enabled":true,"jetpack_shortlink":"https:\/\/wp.me\/P4F1jC-16","_links":{"self":[{"href":"https:\/\/www.homoeopathie.heidenheim.com\/index.php?rest_route=\/wp\/v2\/pages\/68"}],"collection":[{"href":"https:\/\/www.homoeopathie.heidenheim.com\/index.php?rest_route=\/wp\/v2\/pages"}],"about":[{"href":"https:\/\/www.homoeopathie.heidenheim.com\/index.php?rest_route=\/wp\/v2\/types\/page"}],"author":[{"embeddable":true,"href":"https:\/\/www.homoeopathie.heidenheim.com\/index.php?rest_route=\/wp\/v2\/users\/1"}],"replies":[{"embeddable":true,"href":"https:\/\/www.homoeopathie.heidenheim.com\/index.php?rest_route=%2Fwp%2Fv2%2Fcomments&post=68"}],"version-history":[{"count":87,"href":"https:\/\/www.homoeopathie.heidenheim.com\/index.php?rest_route=\/wp\/v2\/pages\/68\/revisions"}],"predecessor-version":[{"id":2642,"href":"https:\/\/www.homoeopathie.heidenheim.com\/index.php?rest_route=\/wp\/v2\/pages\/68\/revisions\/2642"}],"up":[{"embeddable":true,"href":"https:\/\/www.homoeopathie.heidenheim.com\/index.php?rest_route=\/wp\/v2\/pages\/355"}],"wp:attachment":[{"href":"https:\/\/www.homoeopathie.heidenheim.com\/index.php?rest_route=%2Fwp%2Fv2%2Fmedia&parent=68"}],"curies":[{"name":"wp","href":"https:\/\/api.w.org\/{rel}","templated":true}]}}