{"id":70,"date":"2013-11-20T20:12:09","date_gmt":"2013-11-20T19:12:09","guid":{"rendered":"http:\/\/v80450.san.local-host.de\/?page_id=70"},"modified":"2025-06-03T19:11:10","modified_gmt":"2025-06-03T17:11:10","slug":"bucher","status":"publish","type":"page","link":"https:\/\/www.homoeopathie.heidenheim.com\/?page_id=70","title":{"rendered":"B\u00fccher"},"content":{"rendered":"<p><a href=\"http:\/\/www.homoeopathie.heidenheim.com\/wp-content\/uploads\/2013\/11\/Fotolia_51035209_S_mod.jpg\"><img loading=\"lazy\" class=\"alignnone wp-image-93 size-full\" src=\"http:\/\/www.homoeopathie.heidenheim.com\/wp-content\/uploads\/2013\/11\/Fotolia_51035209_S_mod.jpg\" alt=\"Fotolia_51035209_S_mod\" width=\"849\" height=\"200\" srcset=\"https:\/\/www.homoeopathie.heidenheim.com\/wp-content\/uploads\/2013\/11\/Fotolia_51035209_S_mod.jpg 849w, https:\/\/www.homoeopathie.heidenheim.com\/wp-content\/uploads\/2013\/11\/Fotolia_51035209_S_mod-300x70.jpg 300w, https:\/\/www.homoeopathie.heidenheim.com\/wp-content\/uploads\/2013\/11\/Fotolia_51035209_S_mod-500x117.jpg 500w\" sizes=\"(max-width: 849px) 100vw, 849px\" \/><\/a><\/p>\n<h1>B\u00fccher<\/h1>\n<p>In der Stadtbibliothek Heidenheim steht eine umfangreiche hom\u00f6opathische Literatursammlung bereit. Unser Verein hat seine eigenen B\u00fccher als Dauerleihgabe zur Verf\u00fcgung gestellt und spendet regelm\u00e4\u00dfig neue B\u00fccher.<\/p>\n<p style=\"padding-left: 30px;\">Suchen Sie \u00fcber <a href=\"http:\/\/lissy.bibliothek-heidenheim.de\/lissy\/lissy.ly?pg=login&amp;bnr=guest\" target=\"_blank\" rel=\"noopener\">LISSY<\/a> dem&nbsp;<strong>L<\/strong>eser-<strong>I<\/strong>nformations- und <strong>S<\/strong>uch<strong>SY<\/strong>stem der Stadtbibliothek. Alle hom\u00f6opathischen B\u00fccher sind mit dem Schlagwort &#8222;Hom\u00f6opathischer Verein Heidenheim&#8220; versehen. Geben Sie also in der Zeile &#8222;Suchbegriff&#8220; den Begriff &#8222;<strong>Hom\u00f6opathischer<\/strong> <strong>Verein Heidenheim<\/strong>&#8220; ein und starten Sie die Suche.<\/p>\n<p><img src=\"http:\/\/www.homoeopathie.heidenheim.com\/wp-content\/uploads\/2025\/06\/Lissy-1.jpg\"><\/p>\n<p style=\"padding-left: 30px;\">\n<\/p><p style=\"padding-left: 30px;\">Nach erfolgter Suche erhalten Sie eine Liste mit den Buchtiteln. In der Liste sehen Sie sofort, ob das Buch verf\u00fcgbar oder ausgeliehen ist. Durch einen Klick auf den Titel gelangen Sie zur detaillierten Beschreibung des Buches.<\/p>\n<p><img src=\"http:\/\/www.homoeopathie.heidenheim.com\/wp-content\/uploads\/2025\/06\/Lissy-2.jpg\"><\/p>\n<p style=\"padding-left: 30px;\"><\/p>\n\n\n<p>Letzte Aktualisierung dieser Seite: 03.06.2025<\/p>\n","protected":false},"excerpt":{"rendered":"<p>B\u00fccher In der Stadtbibliothek Heidenheim steht eine umfangreiche hom\u00f6opathische Literatursammlung bereit. Unser Verein hat seine eigenen B\u00fccher als Dauerleihgabe zur Verf\u00fcgung gestellt und spendet regelm\u00e4\u00dfig neue B\u00fccher. Suchen Sie \u00fcber LISSY dem&nbsp;Leser-Informations- und SuchSYstem der Stadtbibliothek. Alle hom\u00f6opathischen B\u00fccher sind &hellip; <a href=\"https:\/\/www.homoeopathie.heidenheim.com\/?page_id=70\">Weiterlesen <span class=\"meta-nav\">&rarr;<\/span><\/a><\/p>\n","protected":false},"author":1,"featured_media":0,"parent":355,"menu_order":2,"comment_status":"closed","ping_status":"open","template":"showcase.php","meta":{"spay_email":""},"jetpack_sharing_enabled":true,"jetpack_shortlink":"https:\/\/wp.me\/P4F1jC-18","_links":{"self":[{"href":"https:\/\/www.homoeopathie.heidenheim.com\/index.php?rest_route=\/wp\/v2\/pages\/70"}],"collection":[{"href":"https:\/\/www.homoeopathie.heidenheim.com\/index.php?rest_route=\/wp\/v2\/pages"}],"about":[{"href":"https:\/\/www.homoeopathie.heidenheim.com\/index.php?rest_route=\/wp\/v2\/types\/page"}],"author":[{"embeddable":true,"href":"https:\/\/www.homoeopathie.heidenheim.com\/index.php?rest_route=\/wp\/v2\/users\/1"}],"replies":[{"embeddable":true,"href":"https:\/\/www.homoeopathie.heidenheim.com\/index.php?rest_route=%2Fwp%2Fv2%2Fcomments&post=70"}],"version-history":[{"count":37,"href":"https:\/\/www.homoeopathie.heidenheim.com\/index.php?rest_route=\/wp\/v2\/pages\/70\/revisions"}],"predecessor-version":[{"id":2681,"href":"https:\/\/www.homoeopathie.heidenheim.com\/index.php?rest_route=\/wp\/v2\/pages\/70\/revisions\/2681"}],"up":[{"embeddable":true,"href":"https:\/\/www.homoeopathie.heidenheim.com\/index.php?rest_route=\/wp\/v2\/pages\/355"}],"wp:attachment":[{"href":"https:\/\/www.homoeopathie.heidenheim.com\/index.php?rest_route=%2Fwp%2Fv2%2Fmedia&parent=70"}],"curies":[{"name":"wp","href":"https:\/\/api.w.org\/{rel}","templated":true}]}}